{"id":87,"date":"2023-03-03T22:30:41","date_gmt":"2023-03-03T21:30:41","guid":{"rendered":"https:\/\/www.politicti-vezni.cz\/?page_id=87"},"modified":"2023-03-03T22:33:53","modified_gmt":"2023-03-03T21:33:53","slug":"stanovy-sbpv","status":"publish","type":"page","link":"https:\/\/www.politicti-vezni.cz\/?page_id=87","title":{"rendered":"Stanovy SBPV"},"content":{"rendered":"\t\t<div data-elementor-type=\"wp-page\" data-elementor-id=\"87\" class=\"elementor elementor-87\" data-elementor-settings=\"{&quot;ha_cmc_init_switcher&quot;:&quot;no&quot;}\">\n\t\t\t\t\t\t<section class=\"elementor-section elementor-top-section elementor-element elementor-element-20aa8f7a elementor-section-boxed elementor-section-height-default elementor-section-height-default\" data-id=\"20aa8f7a\" data-element_type=\"section\" data-e-type=\"section\" data-settings=\"{&quot;_ha_eqh_enable&quot;:false}\">\n\t\t\t\t\t\t<div class=\"elementor-container elementor-column-gap-default\">\n\t\t\t\t\t<div class=\"elementor-column elementor-col-100 elementor-top-column elementor-element elementor-element-1b44432\" data-id=\"1b44432\" data-element_type=\"column\" data-e-type=\"column\">\n\t\t\t<div class=\"elementor-widget-wrap elementor-element-populated\">\n\t\t\t\t\t\t<div class=\"elementor-element elementor-element-6d685f01 elementor-widget elementor-widget-text-editor\" data-id=\"6d685f01\" data-element_type=\"widget\" data-e-type=\"widget\" data-widget_type=\"text-editor.default\">\n\t\t\t\t<div class=\"elementor-widget-container\">\n\t\t\t\t\t\t\t\t\t\n<p>SBPV sdru\u017euje ob\u010dany \u010cR, kte\u0159\u00ed byli z politick\u00fdch d\u016fvod\u016f komunistick\u00fdm re\u017eimem v letech 1948 a\u017e 1989 v\u011bzn\u011bni a perzekuov\u00e1ni, jejich poz\u016fstal\u00e9 a p\u0159\u00edznivce, jejich\u017e n\u00e1zory jsou shodn\u00e9 s n\u00e1zory sdru\u017een\u00ed.<\/p>\n\n\n\n<p>\u0158\u00e1dn\u00fdm \u010dlenem se m\u016f\u017ee st\u00e1t ka\u017ed\u00fd ob\u010dan \u010cR, a to i kdy\u017e dnes \u017eije v zahrani\u010d\u00ed, kter\u00fd nebyl nikdy \u010dlenem zlo\u010dineck\u00e9 KS\u010c, ani se nepo\u0161pinil aktivn\u00ed spolupr\u00e1c\u00ed s jej\u00edm totalitn\u00edm re\u017eimem.<\/p>\n\n\n\n<p>N\u00e1hled stanov SBPV<\/p>\n\n\n\n<p><\/p>\n\t\t\t\t\t\t\t\t<\/div>\n\t\t\t\t<\/div>\n\t\t\t\t\t<\/div>\n\t\t<\/div>\n\t\t\t\t\t<\/div>\n\t\t<\/section>\n\t\t\t\t<section class=\"elementor-section elementor-top-section elementor-element elementor-element-277f4a1 elementor-section-boxed elementor-section-height-default elementor-section-height-default\" data-id=\"277f4a1\" data-element_type=\"section\" data-e-type=\"section\" data-settings=\"{&quot;_ha_eqh_enable&quot;:false}\">\n\t\t\t\t\t\t<div class=\"elementor-container elementor-column-gap-default\">\n\t\t\t\t\t<div class=\"elementor-column elementor-col-20 elementor-top-column elementor-element elementor-element-44f338c\" data-id=\"44f338c\" data-element_type=\"column\" data-e-type=\"column\">\n\t\t\t<div class=\"elementor-widget-wrap elementor-element-populated\">\n\t\t\t\t\t\t<div class=\"elementor-element elementor-element-99d5016 elementor-widget elementor-widget-image\" data-id=\"99d5016\" data-element_type=\"widget\" data-e-type=\"widget\" data-widget_type=\"image.default\">\n\t\t\t\t<div class=\"elementor-widget-container\">\n\t\t\t\t\t\t\t\t\t\t\t\t\t\t\t<img fetchpriority=\"high\" decoding=\"async\" width=\"650\" height=\"928\" src=\"https:\/\/www.politicti-vezni.cz\/wp-content\/uploads\/2023\/03\/stanovy_01.jpg\" class=\"attachment-large size-large wp-image-92\" alt=\"\" srcset=\"https:\/\/www.politicti-vezni.cz\/wp-content\/uploads\/2023\/03\/stanovy_01.jpg 650w, https:\/\/www.politicti-vezni.cz\/wp-content\/uploads\/2023\/03\/stanovy_01-210x300.jpg 210w\" sizes=\"(max-width: 650px) 100vw, 650px\" \/>\t\t\t\t\t\t\t\t\t\t\t\t\t\t\t<\/div>\n\t\t\t\t<\/div>\n\t\t\t\t\t<\/div>\n\t\t<\/div>\n\t\t\t\t<div class=\"elementor-column elementor-col-20 elementor-top-column elementor-element elementor-element-3f5dbb5\" data-id=\"3f5dbb5\" data-element_type=\"column\" data-e-type=\"column\">\n\t\t\t<div class=\"elementor-widget-wrap elementor-element-populated\">\n\t\t\t\t\t\t<div class=\"elementor-element elementor-element-e89fe27 elementor-widget elementor-widget-image\" data-id=\"e89fe27\" data-element_type=\"widget\" data-e-type=\"widget\" data-widget_type=\"image.default\">\n\t\t\t\t<div class=\"elementor-widget-container\">\n\t\t\t\t\t\t\t\t\t\t\t\t\t\t\t<img decoding=\"async\" width=\"650\" height=\"930\" src=\"https:\/\/www.politicti-vezni.cz\/wp-content\/uploads\/2023\/03\/stanovy_02.jpg\" class=\"attachment-large size-large wp-image-91\" alt=\"\" srcset=\"https:\/\/www.politicti-vezni.cz\/wp-content\/uploads\/2023\/03\/stanovy_02.jpg 650w, https:\/\/www.politicti-vezni.cz\/wp-content\/uploads\/2023\/03\/stanovy_02-210x300.jpg 210w\" sizes=\"(max-width: 650px) 100vw, 650px\" \/>\t\t\t\t\t\t\t\t\t\t\t\t\t\t\t<\/div>\n\t\t\t\t<\/div>\n\t\t\t\t\t<\/div>\n\t\t<\/div>\n\t\t\t\t<div class=\"elementor-column elementor-col-20 elementor-top-column elementor-element elementor-element-12baf5e\" data-id=\"12baf5e\" data-element_type=\"column\" data-e-type=\"column\">\n\t\t\t<div class=\"elementor-widget-wrap elementor-element-populated\">\n\t\t\t\t\t\t<div class=\"elementor-element elementor-element-9c544a3 elementor-widget elementor-widget-image\" data-id=\"9c544a3\" data-element_type=\"widget\" data-e-type=\"widget\" data-widget_type=\"image.default\">\n\t\t\t\t<div class=\"elementor-widget-container\">\n\t\t\t\t\t\t\t\t\t\t\t\t\t\t\t<img decoding=\"async\" width=\"650\" height=\"928\" src=\"https:\/\/www.politicti-vezni.cz\/wp-content\/uploads\/2023\/03\/stanovy_03.jpg\" class=\"attachment-large size-large wp-image-90\" alt=\"\" srcset=\"https:\/\/www.politicti-vezni.cz\/wp-content\/uploads\/2023\/03\/stanovy_03.jpg 650w, https:\/\/www.politicti-vezni.cz\/wp-content\/uploads\/2023\/03\/stanovy_03-210x300.jpg 210w\" sizes=\"(max-width: 650px) 100vw, 650px\" \/>\t\t\t\t\t\t\t\t\t\t\t\t\t\t\t<\/div>\n\t\t\t\t<\/div>\n\t\t\t\t\t<\/div>\n\t\t<\/div>\n\t\t\t\t<div class=\"elementor-column elementor-col-20 elementor-top-column elementor-element elementor-element-0c29aef\" data-id=\"0c29aef\" data-element_type=\"column\" data-e-type=\"column\">\n\t\t\t<div class=\"elementor-widget-wrap elementor-element-populated\">\n\t\t\t\t\t\t<div class=\"elementor-element elementor-element-cb12825 elementor-widget elementor-widget-image\" data-id=\"cb12825\" data-element_type=\"widget\" data-e-type=\"widget\" data-widget_type=\"image.default\">\n\t\t\t\t<div class=\"elementor-widget-container\">\n\t\t\t\t\t\t\t\t\t\t\t\t\t\t\t<img loading=\"lazy\" decoding=\"async\" width=\"678\" height=\"970\" src=\"https:\/\/www.politicti-vezni.cz\/wp-content\/uploads\/2023\/03\/stanovy_04-716x1024.jpg\" class=\"attachment-large size-large wp-image-89\" alt=\"\" srcset=\"https:\/\/www.politicti-vezni.cz\/wp-content\/uploads\/2023\/03\/stanovy_04-716x1024.jpg 716w, https:\/\/www.politicti-vezni.cz\/wp-content\/uploads\/2023\/03\/stanovy_04-210x300.jpg 210w, https:\/\/www.politicti-vezni.cz\/wp-content\/uploads\/2023\/03\/stanovy_04-768x1099.jpg 768w, https:\/\/www.politicti-vezni.cz\/wp-content\/uploads\/2023\/03\/stanovy_04.jpg 878w\" sizes=\"(max-width: 678px) 100vw, 678px\" \/>\t\t\t\t\t\t\t\t\t\t\t\t\t\t\t<\/div>\n\t\t\t\t<\/div>\n\t\t\t\t\t<\/div>\n\t\t<\/div>\n\t\t\t\t<div class=\"elementor-column elementor-col-20 elementor-top-column elementor-element elementor-element-b87bd1a\" data-id=\"b87bd1a\" data-element_type=\"column\" data-e-type=\"column\">\n\t\t\t<div class=\"elementor-widget-wrap elementor-element-populated\">\n\t\t\t\t\t\t<div class=\"elementor-element elementor-element-ef4efab elementor-widget elementor-widget-image\" data-id=\"ef4efab\" data-element_type=\"widget\" data-e-type=\"widget\" data-widget_type=\"image.default\">\n\t\t\t\t<div class=\"elementor-widget-container\">\n\t\t\t\t\t\t\t\t\t\t\t\t\t\t\t<img loading=\"lazy\" decoding=\"async\" width=\"650\" height=\"903\" src=\"https:\/\/www.politicti-vezni.cz\/wp-content\/uploads\/2023\/03\/stanovy_05.jpg\" class=\"attachment-large size-large wp-image-93\" alt=\"\" srcset=\"https:\/\/www.politicti-vezni.cz\/wp-content\/uploads\/2023\/03\/stanovy_05.jpg 650w, https:\/\/www.politicti-vezni.cz\/wp-content\/uploads\/2023\/03\/stanovy_05-216x300.jpg 216w\" sizes=\"(max-width: 650px) 100vw, 650px\" \/>\t\t\t\t\t\t\t\t\t\t\t\t\t\t\t<\/div>\n\t\t\t\t<\/div>\n\t\t\t\t\t<\/div>\n\t\t<\/div>\n\t\t\t\t\t<\/div>\n\t\t<\/section>\n\t\t\t\t<\/div>\n\t\t","protected":false},"excerpt":{"rendered":"<div class=\"mh-excerpt\"><p>SBPV sdru\u017euje ob\u010dany \u010cR, kte\u0159\u00ed byli z politick\u00fdch d\u016fvod\u016f komunistick\u00fdm re\u017eimem v letech 1948 a\u017e 1989 v\u011bzn\u011bni a perzekuov\u00e1ni, jejich poz\u016fstal\u00e9 a p\u0159\u00edznivce, jejich\u017e n\u00e1zory <a class=\"mh-excerpt-more\" href=\"https:\/\/www.politicti-vezni.cz\/?page_id=87\" title=\"Stanovy SBPV\">[&#8230;]<\/a><\/p>\n<\/div>","protected":false},"author":1,"featured_media":0,"parent":0,"menu_order":0,"comment_status":"closed","ping_status":"closed","template":"","meta":{"footnotes":""},"class_list":["post-87","page","type-page","status-publish","hentry"],"_links":{"self":[{"href":"https:\/\/www.politicti-vezni.cz\/index.php?rest_route=\/wp\/v2\/pages\/87","targetHints":{"allow":["GET"]}}],"collection":[{"href":"https:\/\/www.politicti-vezni.cz\/index.php?rest_route=\/wp\/v2\/pages"}],"about":[{"href":"https:\/\/www.politicti-vezni.cz\/index.php?rest_route=\/wp\/v2\/types\/page"}],"author":[{"embeddable":true,"href":"https:\/\/www.politicti-vezni.cz\/index.php?rest_route=\/wp\/v2\/users\/1"}],"replies":[{"embeddable":true,"href":"https:\/\/www.politicti-vezni.cz\/index.php?rest_route=%2Fwp%2Fv2%2Fcomments&post=87"}],"version-history":[{"count":4,"href":"https:\/\/www.politicti-vezni.cz\/index.php?rest_route=\/wp\/v2\/pages\/87\/revisions"}],"predecessor-version":[{"id":96,"href":"https:\/\/www.politicti-vezni.cz\/index.php?rest_route=\/wp\/v2\/pages\/87\/revisions\/96"}],"wp:attachment":[{"href":"https:\/\/www.politicti-vezni.cz\/index.php?rest_route=%2Fwp%2Fv2%2Fmedia&parent=87"}],"curies":[{"name":"wp","href":"https:\/\/api.w.org\/{rel}","templated":true}]}}