{"id":74,"date":"2023-03-03T22:13:06","date_gmt":"2023-03-03T21:13:06","guid":{"rendered":"https:\/\/www.politicti-vezni.cz\/?page_id=74"},"modified":"2023-03-03T22:18:44","modified_gmt":"2023-03-03T21:18:44","slug":"casopis-verni-zustali","status":"publish","type":"page","link":"https:\/\/www.politicti-vezni.cz\/?page_id=74","title":{"rendered":"\u010casopis V\u011aRNI Z\u016eSTALI"},"content":{"rendered":"\t\t<div data-elementor-type=\"wp-page\" data-elementor-id=\"74\" class=\"elementor elementor-74\" data-elementor-settings=\"{&quot;ha_cmc_init_switcher&quot;:&quot;no&quot;}\">\n\t\t\t\t\t\t<section class=\"elementor-section elementor-top-section elementor-element elementor-element-4263bd7 elementor-section-boxed elementor-section-height-default elementor-section-height-default\" data-id=\"4263bd7\" data-element_type=\"section\" data-e-type=\"section\" data-settings=\"{&quot;_ha_eqh_enable&quot;:false}\">\n\t\t\t\t\t\t<div class=\"elementor-container elementor-column-gap-default\">\n\t\t\t\t\t<div class=\"elementor-column elementor-col-50 elementor-top-column elementor-element elementor-element-d2c3e22\" data-id=\"d2c3e22\" data-element_type=\"column\" data-e-type=\"column\">\n\t\t\t<div class=\"elementor-widget-wrap elementor-element-populated\">\n\t\t\t\t\t\t<div class=\"elementor-element elementor-element-8d050e7 elementor-widget elementor-widget-image\" data-id=\"8d050e7\" data-element_type=\"widget\" data-e-type=\"widget\" data-widget_type=\"image.default\">\n\t\t\t\t<div class=\"elementor-widget-container\">\n\t\t\t\t\t\t\t\t\t\t\t\t\t\t\t\t<a href=\"https:\/\/www.politicti-vezni.cz\/wp-content\/uploads\/2023\/03\/vz-sazba-web_oprava.pdf\">\n\t\t\t\t\t\t\t<img fetchpriority=\"high\" decoding=\"async\" width=\"595\" height=\"841\" src=\"https:\/\/www.politicti-vezni.cz\/wp-content\/uploads\/2023\/03\/vz-1-11-web.jpg\" class=\"attachment-large size-large wp-image-70\" alt=\"\" srcset=\"https:\/\/www.politicti-vezni.cz\/wp-content\/uploads\/2023\/03\/vz-1-11-web.jpg 595w, https:\/\/www.politicti-vezni.cz\/wp-content\/uploads\/2023\/03\/vz-1-11-web-212x300.jpg 212w\" sizes=\"(max-width: 595px) 100vw, 595px\" \/>\t\t\t\t\t\t\t\t<\/a>\n\t\t\t\t\t\t\t\t\t\t\t\t\t\t\t<\/div>\n\t\t\t\t<\/div>\n\t\t\t\t\t<\/div>\n\t\t<\/div>\n\t\t\t\t<div class=\"elementor-column elementor-col-50 elementor-top-column elementor-element elementor-element-db591ef\" data-id=\"db591ef\" data-element_type=\"column\" data-e-type=\"column\">\n\t\t\t<div class=\"elementor-widget-wrap elementor-element-populated\">\n\t\t\t\t\t\t<div class=\"elementor-element elementor-element-67ec650 elementor-widget elementor-widget-image\" data-id=\"67ec650\" data-element_type=\"widget\" data-e-type=\"widget\" data-widget_type=\"image.default\">\n\t\t\t\t<div class=\"elementor-widget-container\">\n\t\t\t\t\t\t\t\t\t\t\t\t\t\t\t\t<a href=\"https:\/\/www.politicti-vezni.cz\/wp-content\/uploads\/2023\/03\/sbpv_04_2010_stranky-za-sebou.pdf\">\n\t\t\t\t\t\t\t<img decoding=\"async\" width=\"678\" height=\"958\" src=\"https:\/\/www.politicti-vezni.cz\/wp-content\/uploads\/2023\/03\/4-10-web-725x1024.jpg\" class=\"attachment-large size-large wp-image-67\" alt=\"\" srcset=\"https:\/\/www.politicti-vezni.cz\/wp-content\/uploads\/2023\/03\/4-10-web-725x1024.jpg 725w, https:\/\/www.politicti-vezni.cz\/wp-content\/uploads\/2023\/03\/4-10-web-212x300.jpg 212w, https:\/\/www.politicti-vezni.cz\/wp-content\/uploads\/2023\/03\/4-10-web.jpg 750w\" sizes=\"(max-width: 678px) 100vw, 678px\" \/>\t\t\t\t\t\t\t\t<\/a>\n\t\t\t\t\t\t\t\t\t\t\t\t\t\t\t<\/div>\n\t\t\t\t<\/div>\n\t\t\t\t\t<\/div>\n\t\t<\/div>\n\t\t\t\t\t<\/div>\n\t\t<\/section>\n\t\t\t\t<section class=\"elementor-section elementor-top-section elementor-element elementor-element-ef30bcf elementor-section-boxed elementor-section-height-default elementor-section-height-default\" data-id=\"ef30bcf\" data-element_type=\"section\" data-e-type=\"section\" data-settings=\"{&quot;_ha_eqh_enable&quot;:false}\">\n\t\t\t\t\t\t<div class=\"elementor-container elementor-column-gap-default\">\n\t\t\t\t\t<div class=\"elementor-column elementor-col-50 elementor-top-column elementor-element elementor-element-7e59d08\" data-id=\"7e59d08\" data-element_type=\"column\" data-e-type=\"column\">\n\t\t\t<div class=\"elementor-widget-wrap elementor-element-populated\">\n\t\t\t\t\t\t<div class=\"elementor-element elementor-element-8851992 elementor-widget elementor-widget-image\" data-id=\"8851992\" data-element_type=\"widget\" data-e-type=\"widget\" data-widget_type=\"image.default\">\n\t\t\t\t<div class=\"elementor-widget-container\">\n\t\t\t\t\t\t\t\t\t\t\t\t\t\t\t\t<a href=\"https:\/\/www.politicti-vezni.cz\/wp-content\/uploads\/2023\/03\/sbpv_02_2009_web.pdf\">\n\t\t\t\t\t\t\t<img decoding=\"async\" width=\"550\" height=\"778\" src=\"https:\/\/www.politicti-vezni.cz\/wp-content\/uploads\/2023\/03\/nahled-vz-2-2010.jpg\" class=\"attachment-large size-large wp-image-65\" alt=\"\" srcset=\"https:\/\/www.politicti-vezni.cz\/wp-content\/uploads\/2023\/03\/nahled-vz-2-2010.jpg 550w, https:\/\/www.politicti-vezni.cz\/wp-content\/uploads\/2023\/03\/nahled-vz-2-2010-212x300.jpg 212w\" sizes=\"(max-width: 550px) 100vw, 550px\" \/>\t\t\t\t\t\t\t\t<\/a>\n\t\t\t\t\t\t\t\t\t\t\t\t\t\t\t<\/div>\n\t\t\t\t<\/div>\n\t\t\t\t\t<\/div>\n\t\t<\/div>\n\t\t\t\t<div class=\"elementor-column elementor-col-50 elementor-top-column elementor-element elementor-element-6a07eb2\" data-id=\"6a07eb2\" data-element_type=\"column\" data-e-type=\"column\">\n\t\t\t<div class=\"elementor-widget-wrap elementor-element-populated\">\n\t\t\t\t\t\t<div class=\"elementor-element elementor-element-51f67c7 elementor-widget elementor-widget-image\" data-id=\"51f67c7\" data-element_type=\"widget\" data-e-type=\"widget\" data-widget_type=\"image.default\">\n\t\t\t\t<div class=\"elementor-widget-container\">\n\t\t\t\t\t\t\t\t\t\t\t\t\t\t\t\t<a href=\"https:\/\/www.politicti-vezni.cz\/wp-content\/uploads\/2023\/03\/sbpv_01_2010_web.pdf\">\n\t\t\t\t\t\t\t<img loading=\"lazy\" decoding=\"async\" width=\"530\" height=\"750\" src=\"https:\/\/www.politicti-vezni.cz\/wp-content\/uploads\/2023\/03\/sbpv_01_2010_web-1.jpg\" class=\"attachment-large size-large wp-image-63\" alt=\"\" srcset=\"https:\/\/www.politicti-vezni.cz\/wp-content\/uploads\/2023\/03\/sbpv_01_2010_web-1.jpg 530w, https:\/\/www.politicti-vezni.cz\/wp-content\/uploads\/2023\/03\/sbpv_01_2010_web-1-212x300.jpg 212w\" sizes=\"(max-width: 530px) 100vw, 530px\" \/>\t\t\t\t\t\t\t\t<\/a>\n\t\t\t\t\t\t\t\t\t\t\t\t\t\t\t<\/div>\n\t\t\t\t<\/div>\n\t\t\t\t\t<\/div>\n\t\t<\/div>\n\t\t\t\t\t<\/div>\n\t\t<\/section>\n\t\t\t\t<section class=\"elementor-section elementor-top-section elementor-element elementor-element-7ce700a elementor-section-boxed elementor-section-height-default elementor-section-height-default\" data-id=\"7ce700a\" data-element_type=\"section\" data-e-type=\"section\" data-settings=\"{&quot;_ha_eqh_enable&quot;:false}\">\n\t\t\t\t\t\t<div class=\"elementor-container elementor-column-gap-default\">\n\t\t\t\t\t<div class=\"elementor-column elementor-col-50 elementor-top-column elementor-element elementor-element-28ad6cb\" data-id=\"28ad6cb\" data-element_type=\"column\" data-e-type=\"column\">\n\t\t\t<div class=\"elementor-widget-wrap elementor-element-populated\">\n\t\t\t\t\t\t<div class=\"elementor-element elementor-element-7a9a581 elementor-widget elementor-widget-image\" data-id=\"7a9a581\" data-element_type=\"widget\" data-e-type=\"widget\" data-widget_type=\"image.default\">\n\t\t\t\t<div class=\"elementor-widget-container\">\n\t\t\t\t\t\t\t\t\t\t\t\t\t\t\t\t<a href=\"https:\/\/www.politicti-vezni.cz\/wp-content\/uploads\/2023\/03\/vz_04_2009_web.pdf\">\n\t\t\t\t\t\t\t<img loading=\"lazy\" decoding=\"async\" width=\"452\" height=\"646\" src=\"https:\/\/www.politicti-vezni.cz\/wp-content\/uploads\/2023\/03\/casopis-vz-4-09.jpg\" class=\"attachment-large size-large wp-image-71\" alt=\"\" srcset=\"https:\/\/www.politicti-vezni.cz\/wp-content\/uploads\/2023\/03\/casopis-vz-4-09.jpg 452w, https:\/\/www.politicti-vezni.cz\/wp-content\/uploads\/2023\/03\/casopis-vz-4-09-210x300.jpg 210w\" sizes=\"(max-width: 452px) 100vw, 452px\" \/>\t\t\t\t\t\t\t\t<\/a>\n\t\t\t\t\t\t\t\t\t\t\t\t\t\t\t<\/div>\n\t\t\t\t<\/div>\n\t\t\t\t\t<\/div>\n\t\t<\/div>\n\t\t\t\t<div class=\"elementor-column elementor-col-50 elementor-top-column elementor-element elementor-element-6cf02b8\" data-id=\"6cf02b8\" data-element_type=\"column\" data-e-type=\"column\">\n\t\t\t<div class=\"elementor-widget-wrap\">\n\t\t\t\t\t\t\t<\/div>\n\t\t<\/div>\n\t\t\t\t\t<\/div>\n\t\t<\/section>\n\t\t\t\t<\/div>\n\t\t","protected":false},"excerpt":{"rendered":"<div class=\"mh-excerpt\"><\/div>","protected":false},"author":1,"featured_media":0,"parent":0,"menu_order":0,"comment_status":"closed","ping_status":"closed","template":"","meta":{"footnotes":""},"class_list":["post-74","page","type-page","status-publish","hentry"],"_links":{"self":[{"href":"https:\/\/www.politicti-vezni.cz\/index.php?rest_route=\/wp\/v2\/pages\/74","targetHints":{"allow":["GET"]}}],"collection":[{"href":"https:\/\/www.politicti-vezni.cz\/index.php?rest_route=\/wp\/v2\/pages"}],"about":[{"href":"https:\/\/www.politicti-vezni.cz\/index.php?rest_route=\/wp\/v2\/types\/page"}],"author":[{"embeddable":true,"href":"https:\/\/www.politicti-vezni.cz\/index.php?rest_route=\/wp\/v2\/users\/1"}],"replies":[{"embeddable":true,"href":"https:\/\/www.politicti-vezni.cz\/index.php?rest_route=%2Fwp%2Fv2%2Fcomments&post=74"}],"version-history":[{"count":4,"href":"https:\/\/www.politicti-vezni.cz\/index.php?rest_route=\/wp\/v2\/pages\/74\/revisions"}],"predecessor-version":[{"id":78,"href":"https:\/\/www.politicti-vezni.cz\/index.php?rest_route=\/wp\/v2\/pages\/74\/revisions\/78"}],"wp:attachment":[{"href":"https:\/\/www.politicti-vezni.cz\/index.php?rest_route=%2Fwp%2Fv2%2Fmedia&parent=74"}],"curies":[{"name":"wp","href":"https:\/\/api.w.org\/{rel}","templated":true}]}}